{"id":91,"date":"2018-08-09T12:35:35","date_gmt":"2018-08-09T12:35:35","guid":{"rendered":"https:\/\/demosites.io\/neve\/?page_id=2"},"modified":"2023-10-17T21:29:19","modified_gmt":"2023-10-17T19:29:19","slug":"d41d8-onboarding-bb-home","status":"publish","type":"page","link":"https:\/\/brauhausprugg.com\/","title":{"rendered":"Home"},"content":{"rendered":"\n\n\t<blockquote>\n<h1><\/h1>\nAuf diese Weise mache die Neue Zeit zu einem Fest. Das Dich Dein Leben feiern l\u00e4sst.<br \/>\nEs soll das neue jetzt&#8230; besser als das Alte sein&#8230;\n<p>&nbsp;<\/p><\/blockquote>\n\t<h3><strong>Der Brucker Wochenmarkt<\/strong><\/h3>\n\t<p>Jeden Samstag von 07:00 Uhr bis 12:00 Uhr k\u00f6nnt Ihr mich auf dem Hauptplatz in Bruck an der Leitha finden. Mit dabei auf meinem Fahrrad jede menge Bier sowie tolle Geschenkideen f\u00fcr jeden Anlass.<\/p>\n\t\t\t\t<img decoding=\"async\" src=\"http:\/\/brauhausprugg.com\/wp-content\/uploads\/2021\/05\/fahrrad-tg-web.jpg\" alt=\"fahrrad tg web\" itemprop=\"image\" title=\"fahrrad tg web\" onerror=\"this.style.display='none'\"  \/>\n\t\t\t\t<img decoding=\"async\" src=\"http:\/\/brauhausprugg.com\/wp-content\/uploads\/2021\/05\/fahrrad-seite-web.jpg\" alt=\"fahrrad seite web\" itemprop=\"image\" title=\"fahrrad seite web\" onerror=\"this.style.display='none'\"  \/>\n\t\t\t\t<img decoding=\"async\" src=\"http:\/\/brauhausprugg.com\/wp-content\/uploads\/2021\/05\/fahrrad-nacht-scaled.jpg\" alt=\"fahrrad nacht\" itemprop=\"image\" title=\"fahrrad nacht\" onerror=\"this.style.display='none'\"  \/>\n\t\t\t\t<img decoding=\"async\" src=\"http:\/\/brauhausprugg.com\/wp-content\/uploads\/2020\/08\/IMG-20200829-WA0003.jpg\" alt=\"IMG-20200829-WA0003\" itemprop=\"image\" title=\"IMG-20200829-WA0003\" onerror=\"this.style.display='none'\"  \/>\n<h2>\n\t\tDie Biere\n\t<\/h2>\n\t\t\t\t<img decoding=\"async\" src=\"http:\/\/brauhausprugg.com\/wp-content\/uploads\/2021\/05\/heoidentor-nacht-web.jpg\" alt=\"heoidentor nacht web\" itemprop=\"image\" title=\"heoidentor nacht web\" onerror=\"this.style.display='none'\"  \/>\n<h2>\n\t\tHopfengold\n\t<\/h2>\n\t\t\t\t<img decoding=\"async\" src=\"http:\/\/brauhausprugg.com\/wp-content\/uploads\/2021\/05\/Hopfengold_BrauhausPrugg.jpg\" alt=\"Hopfengold_BrauhausPrugg\" itemprop=\"image\" title=\"Hopfengold_BrauhausPrugg\" onerror=\"this.style.display='none'\"  \/>\n\t<p>Ein runder K\u00f6rper, die tiefgoldene Farbe und der aromatische Geschmack zeichnen dieses feinherbe, helle Lagerbier aus. Geschmack der \u00fcberzeugt.<\/p>\n<h2>\n\t\t<strong>Weihnachtsbock<\/strong>\n\t<\/h2>\n\t\t\t\t<img decoding=\"async\" src=\"http:\/\/brauhausprugg.com\/wp-content\/uploads\/2023\/10\/weihnachtsmann_rentier.png\" alt=\"coming soon\" itemprop=\"image\" title=\"weihnachtsmann_rentier\" onerror=\"this.style.display='none'\"  \/>\n\t<p>Coming soon&#8230;<\/p>\n<p>Dieses unterg\u00e4rige Starkbier offenbart eine faszinierende Fusion aus Tradition und Intensit\u00e4t. Sein kr\u00e4ftiger, malzaromatischer K\u00f6rper ist die Essenz handwerklicher Braukunst. Es ist ein Bier zum Genie\u00dfen, dessen komplexe Aromen sich mit jedem Schluck weiterentwickeln und die Sinne herausfordern.<\/p>\n<h2>\n\t\t<strong>Bernstein<\/strong>\n\t<\/h2>\n\t\t\t\t<img decoding=\"async\" src=\"http:\/\/brauhausprugg.com\/wp-content\/uploads\/2021\/05\/Bernstein_BrauhausPrugg.jpg\" alt=\"Bernstein_BrauhausPrugg\" itemprop=\"image\" title=\"Bernstein_BrauhausPrugg\" onerror=\"this.style.display='none'\"  \/>\n\t<p>Klassisches Wiener Lager zu seiner besten Zeit mit gro\u00dfartig vollem Geschmack. Malzige S\u00fc\u00dfe vereint sich mit deutschen Hopfen \u201eHallertau Mittelfr\u00fch&#8220; zu einer Geschmackskomposition der Extraklasse.<\/p>\n\t\t\t<a href=\"https:\/\/www.instagram.com\/brauhaus_prugg\/\" target=\"_blank\" role=\"button\" rel=\"noopener\">\n\t\t\t\t\t\tInstagram\n\t\t<\/a>\n\t\t\t<a href=\"https:\/\/www.facebook.com\/profile.php?id=100012132618692\" target=\"_blank\" role=\"button\" rel=\"noopener\">\n\t\t\t\t\t\tFacebook\n\t\t<\/a>\n\t\n","protected":false},"excerpt":{"rendered":"<p>Auf diese Weise mache die Neue Zeit zu einem Fest. Das Dich Dein Leben feiern l\u00e4sst. Es soll das neue jetzt&#8230; besser als das Alte sein&#8230; &nbsp; Der Brucker Wochenmarkt&hellip;&nbsp;<a href=\"https:\/\/brauhausprugg.com\/\" class=\"\" rel=\"bookmark\">Weiterlesen &raquo;<span class=\"screen-reader-text\">Home<\/span><\/a><\/p>\n","protected":false},"author":4,"featured_media":0,"parent":0,"menu_order":0,"comment_status":"closed","ping_status":"closed","template":"page-templates\/template-pagebuilder-full-width.php","meta":{"neve_meta_sidebar":"","neve_meta_container":"","neve_meta_enable_content_width":"off","neve_meta_content_width":0,"neve_meta_title_alignment":"","neve_meta_author_avatar":"","neve_post_elements_order":"","neve_meta_disable_header":"","neve_meta_disable_footer":"","neve_meta_disable_title":"","footnotes":""},"class_list":["post-91","page","type-page","status-publish","hentry"],"yoast_head":"<!-- This site is optimized with the Yoast SEO plugin v16.0.1 - https:\/\/yoast.com\/wordpress\/plugins\/seo\/ -->\n<title>Home - Brauhausprugg<\/title>\n<link rel=\"canonical\" href=\"https:\/\/brauhausprugg.com\/\" \/>\n<meta name=\"twitter:card\" content=\"summary_large_image\" \/>\n<meta name=\"twitter:title\" content=\"Home - Brauhausprugg\" \/>\n<meta name=\"twitter:description\" content=\"Auf diese Weise mache die Neue Zeit zu einem Fest. Das Dich Dein Leben feiern l\u00e4sst. Es soll das neue jetzt&#8230; besser als das Alte sein&#8230; &nbsp; Der Brucker Wochenmarkt&hellip;&nbsp;Weiterlesen &raquo;Home\" \/>\n<meta name=\"twitter:image\" content=\"http:\/\/brauhausprugg.com\/wp-content\/uploads\/2021\/05\/fahrrad-tg-web.jpg\" \/>\n<meta name=\"twitter:label1\" content=\"Gesch\u00e4tzte Lesezeit\">\n\t<meta name=\"twitter:data1\" content=\"3\u00a0Minuten\">\n<script type=\"application\/ld+json\" class=\"yoast-schema-graph\">{\"@context\":\"https:\/\/schema.org\",\"@graph\":[{\"@type\":\"Organization\",\"@id\":\"https:\/\/brauhausprugg.com\/#organization\",\"name\":\"Brauhaus Prugg\",\"url\":\"https:\/\/brauhausprugg.com\/\",\"sameAs\":[\"https:\/\/www.facebook.com\/profile.php?id=100012132618692\",\"https:\/\/www.instagram.com\/brauhaus_prugg\/\"],\"logo\":{\"@type\":\"ImageObject\",\"@id\":\"https:\/\/brauhausprugg.com\/#logo\",\"inLanguage\":\"de\",\"url\":\"https:\/\/brauhausprugg.com\/wp-content\/uploads\/2018\/12\/brauhausprigg.png\",\"width\":368,\"height\":312,\"caption\":\"Brauhaus Prugg\"},\"image\":{\"@id\":\"https:\/\/brauhausprugg.com\/#logo\"}},{\"@type\":\"WebSite\",\"@id\":\"https:\/\/brauhausprugg.com\/#website\",\"url\":\"https:\/\/brauhausprugg.com\/\",\"name\":\"Brauhausprugg\",\"description\":\"Ein Schluck Heimat ... \",\"publisher\":{\"@id\":\"https:\/\/brauhausprugg.com\/#organization\"},\"potentialAction\":[{\"@type\":\"SearchAction\",\"target\":\"https:\/\/brauhausprugg.com\/?s={search_term_string}\",\"query-input\":\"required name=search_term_string\"}],\"inLanguage\":\"de\"},{\"@type\":\"ImageObject\",\"@id\":\"https:\/\/brauhausprugg.com\/#primaryimage\",\"inLanguage\":\"de\",\"url\":\"http:\/\/brauhausprugg.com\/wp-content\/uploads\/2021\/05\/fahrrad-tg-web.jpg\"},{\"@type\":\"WebPage\",\"@id\":\"https:\/\/brauhausprugg.com\/#webpage\",\"url\":\"https:\/\/brauhausprugg.com\/\",\"name\":\"Home - Brauhausprugg\",\"isPartOf\":{\"@id\":\"https:\/\/brauhausprugg.com\/#website\"},\"primaryImageOfPage\":{\"@id\":\"https:\/\/brauhausprugg.com\/#primaryimage\"},\"datePublished\":\"2018-08-09T12:35:35+00:00\",\"dateModified\":\"2023-10-17T19:29:19+00:00\",\"breadcrumb\":{\"@id\":\"https:\/\/brauhausprugg.com\/#breadcrumb\"},\"inLanguage\":\"de\",\"potentialAction\":[{\"@type\":\"ReadAction\",\"target\":[\"https:\/\/brauhausprugg.com\/\"]}]},{\"@type\":\"BreadcrumbList\",\"@id\":\"https:\/\/brauhausprugg.com\/#breadcrumb\",\"itemListElement\":[{\"@type\":\"ListItem\",\"position\":1,\"item\":{\"@type\":\"WebPage\",\"@id\":\"https:\/\/brauhausprugg.com\/\",\"url\":\"https:\/\/brauhausprugg.com\/\",\"name\":\"Startseite\"}},{\"@type\":\"ListItem\",\"position\":2,\"item\":{\"@type\":\"WebPage\",\"@id\":\"https:\/\/brauhausprugg.com\/\",\"url\":\"https:\/\/brauhausprugg.com\/\",\"name\":\"Home\"}}]}]}<\/script>\n<!-- \/ Yoast SEO plugin. -->","_links":{"self":[{"href":"https:\/\/brauhausprugg.com\/index.php?rest_route=\/wp\/v2\/pages\/91"}],"collection":[{"href":"https:\/\/brauhausprugg.com\/index.php?rest_route=\/wp\/v2\/pages"}],"about":[{"href":"https:\/\/brauhausprugg.com\/index.php?rest_route=\/wp\/v2\/types\/page"}],"author":[{"embeddable":true,"href":"https:\/\/brauhausprugg.com\/index.php?rest_route=\/wp\/v2\/users\/4"}],"replies":[{"embeddable":true,"href":"https:\/\/brauhausprugg.com\/index.php?rest_route=%2Fwp%2Fv2%2Fcomments&post=91"}],"version-history":[{"count":35,"href":"https:\/\/brauhausprugg.com\/index.php?rest_route=\/wp\/v2\/pages\/91\/revisions"}],"predecessor-version":[{"id":864,"href":"https:\/\/brauhausprugg.com\/index.php?rest_route=\/wp\/v2\/pages\/91\/revisions\/864"}],"wp:attachment":[{"href":"https:\/\/brauhausprugg.com\/index.php?rest_route=%2Fwp%2Fv2%2Fmedia&parent=91"}],"curies":[{"name":"wp","href":"https:\/\/api.w.org\/{rel}","templated":true}]}}