{"id":104,"date":"2019-02-01T19:15:58","date_gmt":"2019-02-01T17:15:58","guid":{"rendered":"https:\/\/brauhausprugg.com\/?page_id=104"},"modified":"2020-05-08T22:08:35","modified_gmt":"2020-05-08T20:08:35","slug":"die-datenschutzerklaerung","status":"publish","type":"page","link":"https:\/\/brauhausprugg.com\/?page_id=104","title":{"rendered":"Die Datenschutzerkl\u00e4rung"},"content":{"rendered":"\n<p class=\"has-medium-font-size\">Datenschutzerkl\u00e4rung<\/p>\n\n\n\n<p><strong>Grundlegendes<\/strong><\/p>\n\n\n\n<p>Diese Datenschutzerkl\u00e4rung soll die Nutzer dieser Website \u00fcber die Art, den Umfang und den Zweck der Erhebung und Verwendung personenbezogener Daten durch den Websitebetreiber Brucker Braukunst (e-mail: andre@bruckerbraukunst.com) informieren. <\/p>\n\n\n\n<p>Der Websitebetreiber nimmt Ihren Datenschutz sehr ernst und behandelt\nIhre personenbezogenen Daten vertraulich und entsprechend der gesetzlichen\nVorschriften. Da durch neue Technologien und die st\u00e4ndige Weiterentwicklung\ndieser Webseite \u00c4nderungen an dieser Datenschutzerkl\u00e4rung vorgenommen werden\nk\u00f6nnen, empfehlen wir Ihnen sich die Datenschutzerkl\u00e4rung in regelm\u00e4\u00dfigen\nAbst\u00e4nden wieder durchzulesen.&nbsp;<\/p>\n\n\n\n<p>Definitionen der verwendeten Begriffe (z.B. \u201cpersonenbezogene Daten\u201d\noder \u201cVerarbeitung\u201d) finden Sie in Art. 4 DSGVO.&nbsp;<\/p>\n\n\n\n<p><strong>Zugriffsdaten<\/strong><\/p>\n\n\n\n<p>Wir, der Websitebetreiber bzw. Seitenprovider, erheben aufgrund unseres\nberechtigten Interesses (s. Art. 6 Abs. 1 lit. f. DSGVO) Daten \u00fcber Zugriffe\nauf die Website und speichern diese als \u201eServer-Logfiles\u201c auf dem Server der\nWebsite ab. Folgende Daten werden so protokolliert:&nbsp;<\/p>\n\n\n\n<ul class=\"wp-block-list\"><li>Besuchte Website<\/li><li>Uhrzeit zum Zeitpunkt des Zugriffes <\/li><li>Menge der gesendeten Daten in Byte <\/li><li>Quelle\/Verweis, von welchem Sie auf die Seite gelangten <\/li><li>Verwendeter Browser <\/li><li>Verwendetes Betriebssystem <\/li><li>Verwendete IP-Adresse <\/li><\/ul>\n\n\n\n<p>Die Server-Logfiles werden f\u00fcr maximal 7 Tage gespeichert und\nanschlie\u00dfend gel\u00f6scht. Die Speicherung der Daten erfolgt aus Sicherheitsgr\u00fcnden,\num z. B. Missbrauchsf\u00e4lle aufkl\u00e4ren zu k\u00f6nnen. M\u00fcssen Daten aus Beweisgr\u00fcnden\naufgehoben werden, sind sie solange von der L\u00f6schung ausgenommen bis der\nVorfall endg\u00fcltig gekl\u00e4rt ist.&nbsp;<\/p>\n\n\n\n<p><strong>Reichweitenmessung &amp; Cookies&nbsp;<\/strong><\/p>\n\n\n\n<p>Diese Website verwendet Cookies zur pseudonymisierten\nReichweitenmessung, die entweder von unserem Server oder dem Server Dritter an\nden Browser des Nutzers \u00fcbertragen werden. Bei Cookies handelt es sich um\nkleine Dateien, welche auf Ihrem Endger\u00e4t gespeichert werden. Ihr Browser\ngreift auf diese Dateien zu. Durch den Einsatz von Cookies erh\u00f6ht sich die\nBenutzerfreundlichkeit und Sicherheit dieser Website. Falls Sie nicht m\u00f6chten,\ndass Cookies zur Reichweitenmessung auf Ihrem Endger\u00e4t gespeichert werden,\nk\u00f6nnen Sie dem Einsatz dieser Dateien hier widersprechen:&nbsp;<\/p>\n\n\n\n<p>Cookie-Deaktivierungsseite der Netzwerkwerbeinitiative: <a rel=\"noreferrer noopener\" aria-label=\"LINK zur Seite (\u00f6ffnet in neuem Tab)\" href=\"http:\/\/optout.networkadvertising.org\/?c=1#!\/ \ufeff\" target=\"_blank\"><strong><em>LINK zur externen Seite<\/em><\/strong><\/a><\/p>\n\n\n\n<p>Cookie-Deaktivierungsseite der US-amerikanischen Website: <a rel=\"noreferrer noopener\" aria-label=\"LINK zur externen Seite (\u00f6ffnet in neuem Tab)\" href=\"http:\/\/optout.aboutads.info\/?c=2#!\/\" target=\"_blank\"><strong><em>LINK zur externen Seite<\/em><\/strong><\/a> <br>Cookie-Deaktivierungsseite der europ\u00e4ischen Website: <a rel=\"noreferrer noopener\" aria-label=\"LINK zur externen Seite (\u00f6ffnet in neuem Tab)\" href=\"http:\/\/optout.networkadvertising.org\/?c=1#!\/\" target=\"_blank\"><strong><em>LINK zur externen Seite<\/em><\/strong><\/a> <\/p>\n\n\n\n<p>G\u00e4ngige Browser bieten die Einstellungsoption, Cookies nicht zuzulassen.\nHinweis: Es ist nicht gew\u00e4hrleistet, dass Sie auf alle Funktionen dieser\nWebsite ohne Einschr\u00e4nkungen zugreifen k\u00f6nnen, wenn Sie entsprechende\nEinstellungen vornehmen.&nbsp;<\/p>\n\n\n\n<p>Bitte finden Sie detaillierte Informationen zu Cookies in den Cookie\nRichtlinien auf dieser Website!<\/p>\n\n\n\n<p><strong>Erfassung und Verarbeitung personenbezogener Daten&nbsp;<\/strong><\/p>\n\n\n\n<p>Der Websitebetreiber erhebt, nutzt und gibt Ihre personenbezogenen Daten\nnur dann weiter, wenn dies im gesetzlichen Rahmen erlaubt ist oder Sie in die\nDatenerhebung einwilligen. Als personenbezogene Daten gelten s\u00e4mtliche\nInformationen, welche dazu dienen, Ihre Person zu bestimmen und welche zu Ihnen\nzur\u00fcckverfolgt werden k\u00f6nnen \u2013 also beispielsweise Ihr Name, Ihre\nE-Mail-Adresse und Telefonnummer.&nbsp;<\/p>\n\n\n\n<p>Diese Website k\u00f6nnen Sie\nauch besuchen, ohne Angaben zu Ihrer Person zu machen. Zur Verbesserung unseres\nOnline-Angebotes speichern wir jedoch (ohne Personenbezug) Ihre Zugriffsdaten\nauf diese Website. Zu diesen Zugriffsdaten geh\u00f6ren z. B. die von Ihnen\nangeforderte Datei oder der Name Ihres Internet-Providers. Durch die\nAnonymisierung der Daten sind R\u00fcckschl\u00fcsse auf Ihre Person nicht m\u00f6glich.&nbsp;&nbsp;<\/p>\n\n\n\n<p>N\u00e4heres hierzu finden Sie in der Erkl\u00e4rung zur Funktion und Nutzung von\nGoogle Analytics.&nbsp;<\/p>\n\n\n\n<p><strong>Umgang mit Kontaktdaten&nbsp;<\/strong><\/p>\n\n\n\n<p>Wir verarbeiten personenbezogene Daten wie Vorname, Nachname, IPAdresse,\nE-Mail-Adresse, Wohnort, Postleitzahl und Inhaltsangaben aus dem Kontaktformula\nnur nach ausdr\u00fccklicher Erlaubnis der betreffenden Nutzer und unter Einhaltung\nder geltenden Datenschutzbestimmungen. Die Verarbeitung der personenbezogenen\nDaten erfolgt aufgrund unseres berechtigten Interesses zur Erf\u00fcllung unserer\nvertraglich vereinbarten Leistungen und zur Optimierung unseres\nOnline-Angebotes<\/p>\n\n\n\n<p>Nehmen Sie mit uns als Websitebetreiber durch die angebotenen\nKontaktm\u00f6glichkeiten Verbindung auf, werden Ihre Angaben gespeichert, damit auf\ndiese zur Bearbeitung und Beantwortung Ihrer Anfrage zur\u00fcckgegriffen werden\nkann. Ohne Ihre Einwilligung werden diese Daten nicht an Dritte\nweitergegeben.&nbsp;<\/p>\n\n\n\n<p>Kontaktdaten, die Sie f\u00fcr die Bestellung unserer Produkte bekanntgeben\nwerden \u2013 au\u00dfer auf Ihren ausdr\u00fccklichen Wunsch \u2013 ausschlie\u00dflich f\u00fcr die Durchf\u00fchrung\nder vertraglich vereinbarten Leistung (Bestellung, Bezahlung, Lieferung)\nverwendet und ausschlie\u00dflich f\u00fcr diese Leistung an Dritte n\u00e4mlich:&nbsp;<\/p>\n\n\n\n<ul class=\"wp-block-list\"><li>Produzent\/Bestellungsabwickler (Brucker Braukunst) und<\/li><li>Speditionspartner\u00a0 <\/li><\/ul>\n\n\n\n<p>weitergeleitet<\/p>\n\n\n\n<p><strong>Nutzung von Social-Media-Plugins von Facebook&nbsp;<\/strong><\/p>\n\n\n\n<p>Aufgrund unseres berechtigten Interesses an der Analyse, Optimierung und dem Betrieb unseres Online-Angebotes (im Sinne des Art. 6 Abs. 1 lit. f. DSGVO), verwendet diese Website das Facebook-Social-Plugin, welches von der Facebook Inc. (1 Hacker Way, Menlo Park, California 94025, USA) betrieben wird. Erkennbar sind die Einbindungen an dem Facebook-Logo bzw. an den Begriffen \u201eLike\u201c, \u201eGef\u00e4llt mir\u201c, \u201eTeilen\u201c in den Farben Facebooks (Blau und Wei\u00df). Informationen zu allen Facebook-Plugins finden Sie \u00fcber den folgenden Link: <a rel=\"noreferrer noopener\" aria-label=\"LINK zur externen Seite (\u00f6ffnet in neuem Tab)\" href=\"https:\/\/developers.facebook.com\/docs\/plugins\/\" target=\"_blank\"><strong><em>LINK zur externen Seite<\/em><\/strong><\/a> <\/p>\n\n\n\n<p>Facebook Inc. h\u00e4lt laut eigenen Angaben das europ\u00e4ische Datenschutzrecht ein und ist unter dem Privacy-ShieldAbkommen zertifiziert: <a rel=\"noreferrer noopener\" aria-label=\"externer LINK zur Seite (\u00f6ffnet in neuem Tab)\" href=\"https:\/\/www.privacyshield.gov\/participant?id=a2zt0000000GnywAAC&amp;status=Active\ufeff\" target=\"_blank\"><strong><em>LINK zur externen Seite<\/em><\/strong><\/a><\/p>\n\n\n\n<p>Das Plugin stellt eine direkte Verbindung zwischen Ihrem Browser und den FacebookServern her. Der Websitebetreiber hat keinerlei Einfluss auf die Natur und den Umfang der Daten, welche das Plugin an die Server der Facebook Inc. \u00fcbermittelt. Informationen dazu finden Sie hier: <a rel=\"noreferrer noopener\" aria-label=\"externer LINK zur Seite (\u00f6ffnet in neuem Tab)\" href=\"https:\/\/www.facebook.com\/help\/186325668085084\" target=\"_blank\"><strong><em>LINK zur externen Seite<\/em><\/strong><\/a><\/p>\n\n\n\n<p>Das Plugin informiert die Facebook Inc. dar\u00fcber, dass Sie als Nutzer\ndiese Website besucht haben. Es besteht hierbei die M\u00f6glichkeit, dass Ihre\nIP-Adresse gespeichert wird. Sind Sie w\u00e4hrend des Besuchs auf dieser Website in\nIhrem Facebook-Konto eingeloggt, werden die genannten Informationen mit diesem\nverkn\u00fcpft.&nbsp;<\/p>\n\n\n\n<p>Nutzen Sie die Funktionen\ndes Plugins \u2013 etwa indem Sie einen Beitrag teilen oder \u201eliken\u201c \u2013, werden die\nentsprechenden Informationen ebenfalls an die Facebook Inc. \u00fcbermittelt.\nM\u00f6chten Sie verhindern, dass die Facebook. Inc. diese Daten mit Ihrem\nFacebook-Konto verkn\u00fcpft, loggen Sie sich bitte vor dem Besuch dieser Website\nbei Facebook aus und l\u00f6schen Sie die gespeicherten Cookies. \u00dcber Ihr\nFacebook-Profil k\u00f6nnen Sie weitere Einstellungen zur Datenverarbeitung f\u00fcr\nWerbezwecke t\u00e4tigen oder der Nutzung Ihrer Daten f\u00fcr Werbezwecke widersprechen.\nZu den Einstellungen gelangen Sie hier:&nbsp;&nbsp;<\/p>\n\n\n\n<p>Profileinstellungen bei Facebook: <a rel=\"noreferrer noopener\" aria-label=\"LINK zur externen Seite (\u00f6ffnet in neuem Tab)\" href=\"https:\/\/www.facebook.com\/ads\/preferences\/?entry_product=ad_settings_screen \" target=\"_blank\"><strong><em>LINK zur externen Seite<\/em><\/strong><\/a><\/p>\n\n\n\n<p>Cookie-Deaktivierungsseite der US-amerikanischen Website: <a rel=\"noreferrer noopener\" aria-label=\"LINK zur externen Seite (\u00f6ffnet in neuem Tab)\" href=\"http:\/\/optout.aboutads.info\/?c=2#!\/ \" target=\"_blank\"><strong><em>LINK zur externen Seite<\/em><\/strong><\/a><\/p>\n\n\n\n<p>Cookie-Deaktivierungsseite der europ\u00e4ischen Website: <a rel=\"noreferrer noopener\" aria-label=\"LINK zur externen Seite (\u00f6ffnet in neuem Tab)\" href=\"http:\/\/optout.networkadvertising.org\/?c=1#!\/ \" target=\"_blank\"><strong><em>LINK zur externen Seite<\/em><\/strong><\/a><\/p>\n\n\n\n<p>Welche Daten, zu welchem Zweck und in welchem Umfang Facebook Daten erhebt, nutzt und verarbeitet und welche Rechte sowie Einstellungsm\u00f6glichkeiten Sie zum Schutz Ihrer Privatsph\u00e4re haben, k\u00f6nnen Sie in den Datenschutzrichtlinien von Facebook nachlesen. Diese finden Sie hier: <a rel=\"noreferrer noopener\" aria-label=\"LINK zur externen Seite (\u00f6ffnet in neuem Tab)\" href=\"https:\/\/www.facebook.com\/about\/privacy\/  \" target=\"_blank\"><strong><em>LINK zur externen Seite<\/em><\/strong><\/a><\/p>\n\n\n\n<p><strong>Newsletter-Abonnement&nbsp;<\/strong><\/p>\n\n\n\n<p>Der Websitebetreiber wird in naher Zukunft einen Newsletter anbieten, in\nwelchem er Sie \u00fcber aktuelle Geschehnisse und Angebote informiert. M\u00f6chten Sie\nden Newsletter abonnieren, m\u00fcssen Sie eine valide E-Mail-Adresse angeben. Wenn\nSie den Newsletter abonnieren, erkl\u00e4ren Sie sich mit dem Newsletter-Empfang und\nden erl\u00e4uterten Verfahren einverstanden.&nbsp;<\/p>\n\n\n\n<p>Der Newsletterversand erfolgt durch den Versanddienstleister XY, einer\nVersandplattform des Anbieters ABC, Beispielstra\u00dfe 5, 12345 Beispielstadt,\nDeutschland (Newsletterdienst noch nicht aktiviert!). Informationen \u00fcber die\nDatenschutzbestimmungen des Versanddienstleisters erhalten Sie unter:\nbeispielXY.de\/datenschutz (Newsletterdienst noch nicht aktiviert!).<\/p>\n\n\n\n<p>Widerruf und K\u00fcndigung: Ihre Einwilligung zum Erhalt des Newsletter\nk\u00f6nnen Sie jederzeit widerrufen und somit das Newsletter-Abonnement k\u00fcndigen.\nNach Ihrer K\u00fcndigung erfolgt die L\u00f6schung Ihre personenbezogenen Daten. Ihre\nEinwilligung in den Newsletterversand erlischt gleichzeitig. Am Ende jedes\nNewsletters finden Sie den Link zur K\u00fcndigung.&nbsp;<\/p>\n\n\n\n<p><strong>Rechte des Nutzers<\/strong>&nbsp;<\/p>\n\n\n\n<p>Sie haben als Nutzer das Recht, auf Antrag eine kostenlose Auskunft\ndar\u00fcber zu erhalten, welche personenbezogenen Daten \u00fcber Sie gespeichert\nwurden. Sie haben au\u00dferdem das Recht auf Berichtigung falscher Daten und auf\ndie Verarbeitungseinschr\u00e4nkung oder L\u00f6schung Ihrer personenbezogenen Daten. Falls\nzutreffend, k\u00f6nnen Sie auch Ihr Recht auf Datenportabilit\u00e4t geltend machen.\nSollten Sie annehmen, dass Ihre Daten unrechtm\u00e4\u00dfig verarbeitet wurden, k\u00f6nnen\nSie eine Beschwerde bei der zust\u00e4ndigen Aufsichtsbeh\u00f6rde einreichen.&nbsp;<\/p>\n\n\n\n<p><strong>L\u00f6schung von Daten&nbsp;<\/strong><\/p>\n\n\n\n<p>Sofern Ihr Wunsch nicht mit einer gesetzlichen Pflicht zur Aufbewahrung\nvon Daten (z. B. Vorratsdatenspeicherung) kollidiert, haben Sie ein Anrecht auf\nL\u00f6schung Ihrer Daten. Von uns gespeicherte Daten werden, sollten sie f\u00fcr ihre\nZweckbestimmung nicht mehr vonn\u00f6ten sein und es keine gesetzlichen\nAufbewahrungsfristen geben, gel\u00f6scht. Falls eine L\u00f6schung nicht durchgef\u00fchrt\nwerden kann, da die Daten f\u00fcr zul\u00e4ssige gesetzliche Zwecke erforderlich sind,\nerfolgt eine Einschr\u00e4nkung der Datenverarbeitung. In diesem Fall werden die\nDaten gesperrt und nicht f\u00fcr andere Zwecke verarbeitet.&nbsp;<\/p>\n\n\n\n<p><strong>Widerspruchsrecht&nbsp;<\/strong><\/p>\n\n\n\n<p>Nutzer dieser Webseite k\u00f6nnen von ihrem Widerspruchsrecht Gebrauch machen und der Verarbeitung ihrer personenbezogenen Daten zu jeder Zeit widersprechen.\u00a0\u00a0Wenn Sie eine Berichtigung, Sperrung, L\u00f6schung oder Auskunft \u00fcber die zu Ihrer Person gespeicherten personenbezogenen Daten w\u00fcnschen oder Fragen bzgl. der Erhebung, Verarbeitung oder Verwendung Ihrer personenbezogenen Daten haben oder erteilte Einwilligungen widerrufen m\u00f6chten, wenden Sie sich bitte an folgende E-Mail-Adresse: andre@bruckerbraukunst.com<\/p>\n\n\n\n<p><strong>Hinweise zur Datenverarbeitung im Zusammenhang mit Google Analytics<\/strong><\/p>\n\n\n\n<p>Diese Website benutzt Google Analytics, einen Webanalysedienst der Google Ireland Limited. Wenn der Verantwortlicher f\u00fcr die Datenverarbeitung auf dieser Website au\u00dferhalb des Europ\u00e4ischen Wirtschaftsraumes oder der Schweiz sitzt, dann erfolgt die Google Analytics Datenverarbeitung durch Google LLC. Google LLC und Google Ireland Limited werden nachfolgend &#8222;Google&#8220; genannt.<br> <br>Google Analytics verwendet sog. &#8222;Cookies&#8220;, Textdateien, die auf dem Computer des Seitenbesuchers gespeichert werden und die eine Analyse der Benutzung der Website durch den Seitenbesucher erm\u00f6glichen. Die durch das Cookie erzeugten Informationen \u00fcber die Benutzung dieser Website durch den Seitenbesucher (einschlie\u00dflich der gek\u00fcrzten IP-Adresse) werden in der Regel an einen Server von Google \u00fcbertragen und dort gespeichert.<br> <br>Google Analytics wird ausschlie\u00dflich mit der Erweiterung &#8222;_anonymizeIp()&#8220; auf dieser Website verwendet. Diese Erweiterung stellt eine Anonymisierung der IP-Adresse durch K\u00fcrzung sicher und schlie\u00dft eine direkte Personenbeziehbarkeit aus. Durch die Erweiterung wird die IP-Adresse von Google innerhalb von Mitgliedstaaten der Europ\u00e4ischen Union oder in anderen Vertragsstaaten des Abkommens \u00fcber den Europ\u00e4ischen Wirtschaftsraum zuvor gek\u00fcrzt. Nur in Ausnahmef\u00e4llen wird die volle IP-Adresse an einen Server von Google in den USA \u00fcbertragen und dort gek\u00fcrzt. Die im Rahmen von Google Analytics von dem entsprechenden Browser \u00fcbermittelte IP-Adresse wird nicht mit anderen Daten von Google zusammengef\u00fchrt.<br> <br>Im Auftrag des Seitenbetreibers wird Google die anfallenden Informationen benutzen, um die Nutzung der Website auszuwerten, um Reports \u00fcber die Websiteaktivit\u00e4ten zusammenzustellen und um weitere mit der Websitenutzung und der Internetnutzung verbundene Dienstleistungen dem Seitenbetreiber gegen\u00fcber zu erbringen (Art. 6 Abs. 1 lit. f DSGVO). Das berechtigte Interesse an der Datenverarbeitung liegt in der Optimierung dieser Website, der Analyse der Benutzung der Website und der Anpassung der Inhalte. Die Interessen der Nutzer werden durch die Pseudonymisierung hinreichend gewahrt.<br> <br>Google LLC. ist nach dem sog. Privacy Shield zertifiziert (Listeneintrag <a rel=\"noreferrer noopener\" href=\"https:\/\/www.privacyshield.gov\/participant?id=a2zt000000001L5AAI\" target=\"_blank\">hier<\/a>) und gew\u00e4hrleistet auf dieser Basis ein angemessenes Datenschutzniveau. Die gesendeten und mit Cookies, Nutzerkennungen (z. B. User-ID) oder Werbe-IDs verkn\u00fcpften Daten werden nach 50 Monaten automatisch gel\u00f6scht. Die L\u00f6schung von Daten, deren Aufbewahrungsdauer erreicht ist, erfolgt automatisch einmal im Monat.<br> <br>Die Erfassung durch Google Analytics kann verhindert werden, indem der Seitenbesucher die Cookie-Einstellungen f\u00fcr diese Website anpasst. Der Erfassung und Speicherung der IP-Adresse und der durch Cookies erzeugten Daten kann au\u00dferdem jederzeit mit Wirkung f\u00fcr die Zukunft widersprochen werden. Das entsprechende Browser- Plugin kann unter dem folgenden Link heruntergeladen und installiert werden: <a rel=\"noreferrer noopener\" aria-label=\"LINK zur externen Seite (\u00f6ffnet in neuem Tab)\" href=\"https:\/\/tools.google.com\/dlpage\/gaoptout\ufeff\" target=\"_blank\"><strong><em>LINK zur externen Seite<\/em><\/strong><\/a>.<br> <br>Der Seitenbesucher kann die Erfassung durch Google Analytics auf dieser Webseite verhindern, indem er auf folgenden Link klickt. Es wird ein Opt-Out-Cookie gesetzt, der die zuk\u00fcnftige Erfassung der Daten beim Besuch dieser Website verhindert.<br> <br>Weitere Informationen zur Datennutzung durch Google, Einstellungs- und Widerspruchsm\u00f6glichkeiten, finden sich in der <a rel=\"noreferrer noopener\" aria-label=\"Datenschutzerkl\u00e4rung von Google (\u00f6ffnet in neuem Tab)\" href=\"https:\/\/policies.google.com\/privacy\ufeff\" target=\"_blank\"><strong><em>Datenschutzerkl\u00e4rung von Google<\/em><\/strong><\/a> sowie in den Einstellungen f\u00fcr die <a rel=\"noreferrer noopener\" aria-label=\"Darstellung von Werbeeinblendungen durch Google (\u00f6ffnet in neuem Tab)\" href=\"https:\/\/adssettings.google.com\/authenticated\" target=\"_blank\"><strong><em>Darstellung von Werbeeinblendungen durch Google<\/em><\/strong><\/a>.<\/p>\n","protected":false},"excerpt":{"rendered":"<p>Datenschutzerkl\u00e4rung Grundlegendes Diese Datenschutzerkl\u00e4rung soll die Nutzer dieser Website \u00fcber die Art, den Umfang und den Zweck der Erhebung und Verwendung personenbezogener Daten durch den Websitebetreiber Brucker Braukunst (e-mail: andre@bruckerbraukunst.com)&hellip;&nbsp;<a href=\"https:\/\/brauhausprugg.com\/?page_id=104\" class=\"\" rel=\"bookmark\">Weiterlesen &raquo;<span class=\"screen-reader-text\">Die Datenschutzerkl\u00e4rung<\/span><\/a><\/p>\n","protected":false},"author":1,"featured_media":0,"parent":0,"menu_order":0,"comment_status":"closed","ping_status":"closed","template":"","meta":{"neve_meta_sidebar":"","neve_meta_container":"","neve_meta_enable_content_width":"","neve_meta_content_width":0,"neve_meta_title_alignment":"","neve_meta_author_avatar":"","neve_post_elements_order":"","neve_meta_disable_header":"","neve_meta_disable_footer":"","neve_meta_disable_title":"","footnotes":""},"class_list":["post-104","page","type-page","status-publish","hentry"],"yoast_head":"<!-- This site is optimized with the Yoast SEO plugin v16.0.1 - https:\/\/yoast.com\/wordpress\/plugins\/seo\/ -->\n<title>Die Datenschutzerkl\u00e4rung - Brauhausprugg<\/title>\n<link rel=\"canonical\" href=\"https:\/\/brauhausprugg.com\/?page_id=104\" \/>\n<meta name=\"twitter:card\" content=\"summary_large_image\" \/>\n<meta name=\"twitter:title\" content=\"Die Datenschutzerkl\u00e4rung - Brauhausprugg\" \/>\n<meta name=\"twitter:description\" content=\"Datenschutzerkl\u00e4rung Grundlegendes Diese Datenschutzerkl\u00e4rung soll die Nutzer dieser Website \u00fcber die Art, den Umfang und den Zweck der Erhebung und Verwendung personenbezogener Daten durch den Websitebetreiber Brucker Braukunst (e-mail: andre@bruckerbraukunst.com)&hellip;&nbsp;Weiterlesen &raquo;Die Datenschutzerkl\u00e4rung\" \/>\n<meta name=\"twitter:label1\" content=\"Gesch\u00e4tzte Lesezeit\">\n\t<meta name=\"twitter:data1\" content=\"9\u00a0Minuten\">\n<script type=\"application\/ld+json\" class=\"yoast-schema-graph\">{\"@context\":\"https:\/\/schema.org\",\"@graph\":[{\"@type\":\"Organization\",\"@id\":\"https:\/\/brauhausprugg.com\/#organization\",\"name\":\"Brauhaus Prugg\",\"url\":\"https:\/\/brauhausprugg.com\/\",\"sameAs\":[\"https:\/\/www.facebook.com\/profile.php?id=100012132618692\",\"https:\/\/www.instagram.com\/brauhaus_prugg\/\"],\"logo\":{\"@type\":\"ImageObject\",\"@id\":\"https:\/\/brauhausprugg.com\/#logo\",\"inLanguage\":\"de\",\"url\":\"https:\/\/brauhausprugg.com\/wp-content\/uploads\/2018\/12\/brauhausprigg.png\",\"width\":368,\"height\":312,\"caption\":\"Brauhaus Prugg\"},\"image\":{\"@id\":\"https:\/\/brauhausprugg.com\/#logo\"}},{\"@type\":\"WebSite\",\"@id\":\"https:\/\/brauhausprugg.com\/#website\",\"url\":\"https:\/\/brauhausprugg.com\/\",\"name\":\"Brauhausprugg\",\"description\":\"Ein Schluck Heimat ... \",\"publisher\":{\"@id\":\"https:\/\/brauhausprugg.com\/#organization\"},\"potentialAction\":[{\"@type\":\"SearchAction\",\"target\":\"https:\/\/brauhausprugg.com\/?s={search_term_string}\",\"query-input\":\"required name=search_term_string\"}],\"inLanguage\":\"de\"},{\"@type\":\"WebPage\",\"@id\":\"https:\/\/brauhausprugg.com\/?page_id=104#webpage\",\"url\":\"https:\/\/brauhausprugg.com\/?page_id=104\",\"name\":\"Die Datenschutzerkl\\u00e4rung - Brauhausprugg\",\"isPartOf\":{\"@id\":\"https:\/\/brauhausprugg.com\/#website\"},\"datePublished\":\"2019-02-01T17:15:58+00:00\",\"dateModified\":\"2020-05-08T20:08:35+00:00\",\"breadcrumb\":{\"@id\":\"https:\/\/brauhausprugg.com\/?page_id=104#breadcrumb\"},\"inLanguage\":\"de\",\"potentialAction\":[{\"@type\":\"ReadAction\",\"target\":[\"https:\/\/brauhausprugg.com\/?page_id=104\"]}]},{\"@type\":\"BreadcrumbList\",\"@id\":\"https:\/\/brauhausprugg.com\/?page_id=104#breadcrumb\",\"itemListElement\":[{\"@type\":\"ListItem\",\"position\":1,\"item\":{\"@type\":\"WebPage\",\"@id\":\"https:\/\/brauhausprugg.com\/\",\"url\":\"https:\/\/brauhausprugg.com\/\",\"name\":\"Startseite\"}},{\"@type\":\"ListItem\",\"position\":2,\"item\":{\"@type\":\"WebPage\",\"@id\":\"https:\/\/brauhausprugg.com\/?page_id=104\",\"url\":\"https:\/\/brauhausprugg.com\/?page_id=104\",\"name\":\"Die Datenschutzerkl\\u00e4rung\"}}]}]}<\/script>\n<!-- \/ Yoast SEO plugin. -->","_links":{"self":[{"href":"https:\/\/brauhausprugg.com\/index.php?rest_route=\/wp\/v2\/pages\/104"}],"collection":[{"href":"https:\/\/brauhausprugg.com\/index.php?rest_route=\/wp\/v2\/pages"}],"about":[{"href":"https:\/\/brauhausprugg.com\/index.php?rest_route=\/wp\/v2\/types\/page"}],"author":[{"embeddable":true,"href":"https:\/\/brauhausprugg.com\/index.php?rest_route=\/wp\/v2\/users\/1"}],"replies":[{"embeddable":true,"href":"https:\/\/brauhausprugg.com\/index.php?rest_route=%2Fwp%2Fv2%2Fcomments&post=104"}],"version-history":[{"count":6,"href":"https:\/\/brauhausprugg.com\/index.php?rest_route=\/wp\/v2\/pages\/104\/revisions"}],"predecessor-version":[{"id":528,"href":"https:\/\/brauhausprugg.com\/index.php?rest_route=\/wp\/v2\/pages\/104\/revisions\/528"}],"wp:attachment":[{"href":"https:\/\/brauhausprugg.com\/index.php?rest_route=%2Fwp%2Fv2%2Fmedia&parent=104"}],"curies":[{"name":"wp","href":"https:\/\/api.w.org\/{rel}","templated":true}]}}